{"id":121,"date":"2014-04-08T18:45:59","date_gmt":"2014-04-09T00:45:59","guid":{"rendered":"http:\/\/www.remhi.org.gt\/portal\/?page_id=121"},"modified":"2024-09-13T18:47:30","modified_gmt":"2024-09-14T00:47:30","slug":"remhi","status":"publish","type":"page","link":"https:\/\/www.remhi.org.gt\/portal\/","title":{"rendered":"Presentaci\u00f3n"},"content":{"rendered":"\n<p class=\"has-text-align-center\">&nbsp;<\/p>\n\n\n<div class=\"wp-block-image\">\n<figure class=\"alignleft size-full\"><a href=\"https:\/\/i0.wp.com\/www.remhi.org.gt\/portal\/wp-content\/uploads\/2014\/04\/remhi_loguito.jpg\"><img data-recalc-dims=\"1\" loading=\"lazy\" decoding=\"async\" width=\"207\" height=\"231\" data-attachment-id=\"122\" data-permalink=\"https:\/\/www.remhi.org.gt\/portal\/remhi\/remhi_loguito\/\" data-orig-file=\"https:\/\/i0.wp.com\/www.remhi.org.gt\/portal\/wp-content\/uploads\/2014\/04\/remhi_loguito.jpg?fit=207%2C231&amp;ssl=1\" data-orig-size=\"207,231\" data-comments-opened=\"0\" data-image-meta=\"{&quot;aperture&quot;:&quot;0&quot;,&quot;credit&quot;:&quot;&quot;,&quot;camera&quot;:&quot;&quot;,&quot;caption&quot;:&quot;&quot;,&quot;created_timestamp&quot;:&quot;0&quot;,&quot;copyright&quot;:&quot;&quot;,&quot;focal_length&quot;:&quot;0&quot;,&quot;iso&quot;:&quot;0&quot;,&quot;shutter_speed&quot;:&quot;0&quot;,&quot;title&quot;:&quot;&quot;}\" data-image-title=\"Recuperaci\u00f3n de la Memoria Hist\u00f3rica\" data-image-description=\"\" data-image-caption=\"\" data-large-file=\"https:\/\/i0.wp.com\/www.remhi.org.gt\/portal\/wp-content\/uploads\/2014\/04\/remhi_loguito.jpg?fit=207%2C231&amp;ssl=1\" src=\"https:\/\/i0.wp.com\/www.remhi.org.gt\/portal\/wp-content\/uploads\/2014\/04\/remhi_loguito.jpg?resize=207%2C231\" alt=\"\" class=\"wp-image-122\"\/><\/a><\/figure>\n<\/div>\n\n\n<p><strong><i>Para que todos lo sepan<\/i>.<\/strong><\/p>\n\n\n\n<p>Palabras de Monse\u00f1or Juan Jos\u00e9 Gerardi&nbsp; que nos empujan a hacer nuestro mejor esfuerzo por dar a conocer la verdad desde las v\u00edctimas quienes con su testimonio nos brindaron la oportunidad de reconstruir una parte de nuestra historia que no queremos repetir. Es por ello que,&nbsp; con mucho respeto damos a conocer informaci\u00f3n que nos permite ver la historia desde su lado m\u00e1s sensible.<\/p>\n\n\n\n<p>El archivo REMHI contiene la s\u00edntesis de cada uno de los testimonios recolectados de 1995 a 1996 para la construcci\u00f3n del Proyecto REMHI. Si bien, esta base de datos ya cuenta con la mayor\u00eda de los testimonios digitalizados, a\u00fan est\u00e1 en proceso de construcci\u00f3n, y es por esto que el acceso a la misma es limitado. Adem\u00e1s, es importante tener en cuenta que algunos de los declarantes pidieron que sus testimonios fueran confidenciales, por lo que cierta informaci\u00f3n no est\u00e1 disponible para su consulta, en esta versi\u00f3n.<\/p>\n\n\n\n<p><em>\u00bfQu\u00e9 &nbsp;encontrar\u00e1 en el Archivo Virtual del REMHI?<\/em><\/p>\n\n\n\n<p>En esta s\u00edntesis encontrar\u00e1, &nbsp;en la primera parte, informaci\u00f3n completa de la car\u00e1tula del formulario de cada entrevista y el listado de v\u00edctimas citadas en el testimonio; en la segunda parte, el &nbsp;an\u00e1lisis original del testimonio realizado por los analistas que participaron en la construcci\u00f3n del REMHI, esta parte contiene violaciones individuales, violaciones colectivas, masacres, as\u00ed como tambi\u00e9n descriptores del tesauro utilizados por testimonio.<\/p>\n\n\n\n<p>Esperamos que el contenido de esta plataforma contribuya a la reconciliaci\u00f3n con la verdad y con la justicia; que adem\u00e1s, reafirme nuestro compromiso, como seres humanos y como guatemaltecos, para que estos hechos aberrantes e inhumanos no se repitan NUNCA M\u00c1S en nuestro pa\u00eds.<\/p>\n\n\n\n<p>El desarrollo de la nueva versi\u00f3n de la base de datos del REMHI se realiz\u00f3 gracias, en un primer momento a ASDI de Suecia, y en un segundo periodo m\u00e1s reciente, al apoyo de GIZ Servicio Civil para la Paz de Alemania.<\/p>\n\n\n\n<p>&nbsp;<\/p>\n","protected":false},"excerpt":{"rendered":"<p>&nbsp; Para que todos lo sepan. Palabras de Monse\u00f1or Juan Jos\u00e9 Gerardi&nbsp; que nos empujan a hacer nuestro mejor esfuerzo por dar a conocer la verdad desde las v\u00edctimas quienes &#8230;<\/p>\n","protected":false},"author":1,"featured_media":0,"parent":0,"menu_order":0,"comment_status":"closed","ping_status":"open","template":"","meta":{"saved_in_kubio":true,"jetpack_post_was_ever_published":false,"footnotes":""},"class_list":["post-121","page","type-page","status-publish","hentry"],"kubio_ai_page_context":{"short_desc":"","purpose":"general"},"jetpack_sharing_enabled":true,"jetpack_shortlink":"https:\/\/wp.me\/P9gm4t-1X","jetpack_likes_enabled":true,"jetpack-related-posts":[{"id":41,"url":"https:\/\/www.remhi.org.gt\/portal\/escribanos\/","url_meta":{"origin":121,"position":0},"title":"Escr\u00edbanos","author":"admin","date":"12 enero, 2013","format":false,"excerpt":"Si alguna informaci\u00f3n presente en esta p\u00e1gina es de su inter\u00e9s y quisiera ampliarla, deber\u00e1 comunicarse al Tel. 22850456 Ext. 113. Los horarios de atenci\u00f3n para consulta en oficinas son de lunes a viernes de 9:00 a 16:00 horas. En la Oficina de Derechos Humanos del Arzobispado de Guatemala recibimos\u2026","rel":"","context":"Entrada similar","block_context":{"text":"Entrada similar","link":""},"img":{"alt_text":"","src":"","width":0,"height":0},"classes":[]},{"id":144,"url":"https:\/\/www.remhi.org.gt\/portal\/centro-de-la-memoria-monsenor-juan-gerardi\/","url_meta":{"origin":121,"position":1},"title":"Centro de la Memoria \u00abMonse\u00f1or Juan Gerardi\u00bb","author":"admin","date":"18 julio, 2014","format":false,"excerpt":"Centro de la Memoria \"Monse\u00f1or Juan Gerardi\" Descargar el afiche","rel":"","context":"Entrada similar","block_context":{"text":"Entrada similar","link":""},"img":{"alt_text":"afiche_centroMemoria_ico","src":"https:\/\/i0.wp.com\/www.remhi.org.gt\/portal\/wp-content\/uploads\/2014\/07\/afiche_centroMemoria_ico-225x300.jpg?resize=350%2C200","width":350,"height":200},"classes":[]},{"id":118,"url":"https:\/\/www.remhi.org.gt\/portal\/odhag\/","url_meta":{"origin":121,"position":2},"title":"ODHAG","author":"admin","date":"8 abril, 2014","format":false,"excerpt":"Gracias a la colaboraci\u00f3n de la Oficina de Derechos Humanos del Arzobispado de Guatemala","rel":"","context":"Entrada similar","block_context":{"text":"Entrada similar","link":""},"img":{"alt_text":"","src":"https:\/\/i0.wp.com\/www.remhi.org.gt\/portal\/wp-content\/uploads\/2014\/04\/logoODHA.jpg?fit=448%2C334&ssl=1&resize=350%2C200","width":350,"height":200},"classes":[]}],"_links":{"self":[{"href":"https:\/\/www.remhi.org.gt\/portal\/wp-json\/wp\/v2\/pages\/121","targetHints":{"allow":["GET"]}}],"collection":[{"href":"https:\/\/www.remhi.org.gt\/portal\/wp-json\/wp\/v2\/pages"}],"about":[{"href":"https:\/\/www.remhi.org.gt\/portal\/wp-json\/wp\/v2\/types\/page"}],"author":[{"embeddable":true,"href":"https:\/\/www.remhi.org.gt\/portal\/wp-json\/wp\/v2\/users\/1"}],"replies":[{"embeddable":true,"href":"https:\/\/www.remhi.org.gt\/portal\/wp-json\/wp\/v2\/comments?post=121"}],"version-history":[{"count":6,"href":"https:\/\/www.remhi.org.gt\/portal\/wp-json\/wp\/v2\/pages\/121\/revisions"}],"predecessor-version":[{"id":243,"href":"https:\/\/www.remhi.org.gt\/portal\/wp-json\/wp\/v2\/pages\/121\/revisions\/243"}],"wp:attachment":[{"href":"https:\/\/www.remhi.org.gt\/portal\/wp-json\/wp\/v2\/media?parent=121"}],"curies":[{"name":"wp","href":"https:\/\/api.w.org\/{rel}","templated":true}]}}